{"id":215,"date":"2020-04-13T11:18:50","date_gmt":"2020-04-13T09:18:50","guid":{"rendered":"https:\/\/sefiro-wordpress.fleno-gmbh.de\/services\/"},"modified":"2021-11-01T13:42:23","modified_gmt":"2021-11-01T12:42:23","slug":"firmen","status":"publish","type":"page","link":"https:\/\/sefiro.de\/en\/sefiro-group\/firmen\/","title":{"rendered":"COMPANIES"},"content":{"rendered":"<div data-elementor-type=\"wp-page\" data-elementor-id=\"215\" class=\"elementor elementor-215\">\n\t\t\t\t\t\t\t\t\t<section class=\"elementor-section elementor-top-section elementor-element elementor-element-1b0a5d33 elementor-section-boxed elementor-section-height-default elementor-section-height-default\" data-id=\"1b0a5d33\" data-element_type=\"section\" data-settings=\"{&quot;background_background&quot;:&quot;classic&quot;}\">\n\t\t\t\t\t\t\t<div class=\"elementor-background-overlay\"><\/div>\n\t\t\t\t\t\t\t<div class=\"elementor-container elementor-column-gap-default\">\n\t\t\t\t\t<div class=\"elementor-column elementor-col-100 elementor-top-column elementor-element elementor-element-1f841ba\" data-id=\"1f841ba\" data-element_type=\"column\">\n\t\t\t<div class=\"elementor-widget-wrap elementor-element-populated\">\n\t\t\t\t\t\t\t\t<div class=\"elementor-element elementor-element-365ba0bd elementor-widget elementor-widget-heading\" data-id=\"365ba0bd\" data-element_type=\"widget\" data-widget_type=\"heading.default\">\n\t\t\t\t<div class=\"elementor-widget-container\">\n\t\t\t<h1 class=\"elementor-heading-title elementor-size-default\">COMPANIES<\/h1>\t\t<\/div>\n\t\t\t\t<\/div>\n\t\t\t\t\t<\/div>\n\t\t<\/div>\n\t\t\t\t\t\t\t<\/div>\n\t\t<\/section>\n\t\t\t\t\t\t\t<\/div>","protected":false},"excerpt":{"rendered":"<p>COMPANIES<\/p>","protected":false},"author":3,"featured_media":0,"parent":214,"menu_order":0,"comment_status":"closed","ping_status":"closed","template":"","meta":{"footnotes":""},"class_list":["post-215","page","type-page","status-publish","hentry"],"yoast_head":"<!-- This site is optimized with the Yoast SEO plugin v20.7 - https:\/\/yoast.com\/wordpress\/plugins\/seo\/ -->\n<title>FIRMEN &ndash; SEFIRO GROUP<\/title>\n<meta name=\"description\" content=\"Zu den Firmen der SEFIRO GROUP geh\u00f6ren die SEFIRO QS f\u00fcr Qualit\u00e4tsabsicherung &amp;\u00dcberwachung und die SEFIRO CS f\u00fcr ganzheitliche Beratung.\" \/>\n<meta name=\"robots\" content=\"index, follow, max-snippet:-1, max-image-preview:large, max-video-preview:-1\" \/>\n<link rel=\"canonical\" href=\"https:\/\/sefiro.de\/en\/sefiro-group\/firmen\/\" \/>\n<meta property=\"og:locale\" content=\"en_GB\" \/>\n<meta property=\"og:type\" content=\"article\" \/>\n<meta property=\"og:title\" content=\"FIRMEN &ndash; SEFIRO GROUP\" \/>\n<meta property=\"og:description\" content=\"Zu den Firmen der SEFIRO GROUP geh\u00f6ren die SEFIRO QS f\u00fcr Qualit\u00e4tsabsicherung &amp;\u00dcberwachung und die SEFIRO CS f\u00fcr ganzheitliche Beratung.\" \/>\n<meta property=\"og:url\" content=\"https:\/\/sefiro.de\/en\/sefiro-group\/firmen\/\" \/>\n<meta property=\"og:site_name\" content=\"SEFIRO GROUP\" \/>\n<meta property=\"article:modified_time\" content=\"2021-11-01T12:42:23+00:00\" \/>\n<meta name=\"twitter:card\" content=\"summary_large_image\" \/>\n<meta name=\"twitter:label1\" content=\"Estimated reading time\" \/>\n\t<meta name=\"twitter:data1\" content=\"1 minute\" \/>\n<script type=\"application\/ld+json\" class=\"yoast-schema-graph\">{\"@context\":\"https:\/\/schema.org\",\"@graph\":[{\"@type\":\"WebPage\",\"@id\":\"https:\/\/sefiro.de\/sefiro-group\/firmen\/\",\"url\":\"https:\/\/sefiro.de\/sefiro-group\/firmen\/\",\"name\":\"FIRMEN &ndash; SEFIRO GROUP\",\"isPartOf\":{\"@id\":\"https:\/\/sefiro.de\/#website\"},\"datePublished\":\"2020-04-13T09:18:50+00:00\",\"dateModified\":\"2021-11-01T12:42:23+00:00\",\"description\":\"Zu den Firmen der SEFIRO GROUP geh\u00f6ren die SEFIRO QS f\u00fcr Qualit\u00e4tsabsicherung &\u00dcberwachung und die SEFIRO CS f\u00fcr ganzheitliche Beratung.\",\"breadcrumb\":{\"@id\":\"https:\/\/sefiro.de\/sefiro-group\/firmen\/#breadcrumb\"},\"inLanguage\":\"en-GB\",\"potentialAction\":[{\"@type\":\"ReadAction\",\"target\":[\"https:\/\/sefiro.de\/sefiro-group\/firmen\/\"]}]},{\"@type\":\"BreadcrumbList\",\"@id\":\"https:\/\/sefiro.de\/sefiro-group\/firmen\/#breadcrumb\",\"itemListElement\":[{\"@type\":\"ListItem\",\"position\":1,\"name\":\"Home\",\"item\":\"https:\/\/sefiro.de\/\"},{\"@type\":\"ListItem\",\"position\":2,\"name\":\"DAS UNTERNEHMEN\",\"item\":\"https:\/\/sefiro.de\/sefiro-group\/\"},{\"@type\":\"ListItem\",\"position\":3,\"name\":\"FIRMEN\"}]},{\"@type\":\"WebSite\",\"@id\":\"https:\/\/sefiro.de\/#website\",\"url\":\"https:\/\/sefiro.de\/\",\"name\":\"SEFIRO GROUP\",\"description\":\"Qualit\u00e4t und Sicherheit\",\"publisher\":{\"@id\":\"https:\/\/sefiro.de\/#organization\"},\"potentialAction\":[{\"@type\":\"SearchAction\",\"target\":{\"@type\":\"EntryPoint\",\"urlTemplate\":\"https:\/\/sefiro.de\/?s={search_term_string}\"},\"query-input\":\"required name=search_term_string\"}],\"inLanguage\":\"en-GB\"},{\"@type\":\"Organization\",\"@id\":\"https:\/\/sefiro.de\/#organization\",\"name\":\"SEFIRO GROUP\",\"url\":\"https:\/\/sefiro.de\/\",\"logo\":{\"@type\":\"ImageObject\",\"inLanguage\":\"en-GB\",\"@id\":\"https:\/\/sefiro.de\/#\/schema\/logo\/image\/\",\"url\":\"https:\/\/sefiro.de\/wp-content\/uploads\/2021\/04\/SEFIRO_Logo_Group_4C_Final_21-12_WEB.jpg\",\"contentUrl\":\"https:\/\/sefiro.de\/wp-content\/uploads\/2021\/04\/SEFIRO_Logo_Group_4C_Final_21-12_WEB.jpg\",\"width\":1012,\"height\":454,\"caption\":\"SEFIRO GROUP\"},\"image\":{\"@id\":\"https:\/\/sefiro.de\/#\/schema\/logo\/image\/\"}}]}<\/script>\n<!-- \/ Yoast SEO plugin. -->","yoast_head_json":{"title":"FIRMEN &ndash; SEFIRO GROUP","description":"Zu den Firmen der SEFIRO GROUP geh\u00f6ren die SEFIRO QS f\u00fcr Qualit\u00e4tsabsicherung &\u00dcberwachung und die SEFIRO CS f\u00fcr ganzheitliche Beratung.","robots":{"index":"index","follow":"follow","max-snippet":"max-snippet:-1","max-image-preview":"max-image-preview:large","max-video-preview":"max-video-preview:-1"},"canonical":"https:\/\/sefiro.de\/en\/sefiro-group\/firmen\/","og_locale":"en_GB","og_type":"article","og_title":"FIRMEN &ndash; SEFIRO GROUP","og_description":"Zu den Firmen der SEFIRO GROUP geh\u00f6ren die SEFIRO QS f\u00fcr Qualit\u00e4tsabsicherung &\u00dcberwachung und die SEFIRO CS f\u00fcr ganzheitliche Beratung.","og_url":"https:\/\/sefiro.de\/en\/sefiro-group\/firmen\/","og_site_name":"SEFIRO GROUP","article_modified_time":"2021-11-01T12:42:23+00:00","twitter_card":"summary_large_image","twitter_misc":{"Estimated reading time":"1 minute"},"schema":{"@context":"https:\/\/schema.org","@graph":[{"@type":"WebPage","@id":"https:\/\/sefiro.de\/sefiro-group\/firmen\/","url":"https:\/\/sefiro.de\/sefiro-group\/firmen\/","name":"FIRMEN &ndash; SEFIRO GROUP","isPartOf":{"@id":"https:\/\/sefiro.de\/#website"},"datePublished":"2020-04-13T09:18:50+00:00","dateModified":"2021-11-01T12:42:23+00:00","description":"Zu den Firmen der SEFIRO GROUP geh\u00f6ren die SEFIRO QS f\u00fcr Qualit\u00e4tsabsicherung &\u00dcberwachung und die SEFIRO CS f\u00fcr ganzheitliche Beratung.","breadcrumb":{"@id":"https:\/\/sefiro.de\/sefiro-group\/firmen\/#breadcrumb"},"inLanguage":"en-GB","potentialAction":[{"@type":"ReadAction","target":["https:\/\/sefiro.de\/sefiro-group\/firmen\/"]}]},{"@type":"BreadcrumbList","@id":"https:\/\/sefiro.de\/sefiro-group\/firmen\/#breadcrumb","itemListElement":[{"@type":"ListItem","position":1,"name":"Home","item":"https:\/\/sefiro.de\/"},{"@type":"ListItem","position":2,"name":"DAS UNTERNEHMEN","item":"https:\/\/sefiro.de\/sefiro-group\/"},{"@type":"ListItem","position":3,"name":"FIRMEN"}]},{"@type":"WebSite","@id":"https:\/\/sefiro.de\/#website","url":"https:\/\/sefiro.de\/","name":"SEFIRO GROUP","description":"Qualit\u00e4t und Sicherheit","publisher":{"@id":"https:\/\/sefiro.de\/#organization"},"potentialAction":[{"@type":"SearchAction","target":{"@type":"EntryPoint","urlTemplate":"https:\/\/sefiro.de\/?s={search_term_string}"},"query-input":"required name=search_term_string"}],"inLanguage":"en-GB"},{"@type":"Organization","@id":"https:\/\/sefiro.de\/#organization","name":"SEFIRO GROUP","url":"https:\/\/sefiro.de\/","logo":{"@type":"ImageObject","inLanguage":"en-GB","@id":"https:\/\/sefiro.de\/#\/schema\/logo\/image\/","url":"https:\/\/sefiro.de\/wp-content\/uploads\/2021\/04\/SEFIRO_Logo_Group_4C_Final_21-12_WEB.jpg","contentUrl":"https:\/\/sefiro.de\/wp-content\/uploads\/2021\/04\/SEFIRO_Logo_Group_4C_Final_21-12_WEB.jpg","width":1012,"height":454,"caption":"SEFIRO GROUP"},"image":{"@id":"https:\/\/sefiro.de\/#\/schema\/logo\/image\/"}}]}},"_links":{"self":[{"href":"https:\/\/sefiro.de\/en\/wp-json\/wp\/v2\/pages\/215","targetHints":{"allow":["GET"]}}],"collection":[{"href":"https:\/\/sefiro.de\/en\/wp-json\/wp\/v2\/pages"}],"about":[{"href":"https:\/\/sefiro.de\/en\/wp-json\/wp\/v2\/types\/page"}],"author":[{"embeddable":true,"href":"https:\/\/sefiro.de\/en\/wp-json\/wp\/v2\/users\/3"}],"replies":[{"embeddable":true,"href":"https:\/\/sefiro.de\/en\/wp-json\/wp\/v2\/comments?post=215"}],"version-history":[{"count":12,"href":"https:\/\/sefiro.de\/en\/wp-json\/wp\/v2\/pages\/215\/revisions"}],"predecessor-version":[{"id":3600,"href":"https:\/\/sefiro.de\/en\/wp-json\/wp\/v2\/pages\/215\/revisions\/3600"}],"up":[{"embeddable":true,"href":"https:\/\/sefiro.de\/en\/wp-json\/wp\/v2\/pages\/214"}],"wp:attachment":[{"href":"https:\/\/sefiro.de\/en\/wp-json\/wp\/v2\/media?parent=215"}],"curies":[{"name":"wp","href":"https:\/\/api.w.org\/{rel}","templated":true}]}}