{"id":488,"date":"2021-04-28T16:34:43","date_gmt":"2021-04-28T14:34:43","guid":{"rendered":"https:\/\/sefiro-wordpress.fleno-gmbh.de\/?page_id=488"},"modified":"2026-01-04T22:03:04","modified_gmt":"2026-01-04T21:03:04","slug":"impressum","status":"publish","type":"page","link":"https:\/\/sefiro.de\/en\/impressum\/","title":{"rendered":"IMPRINT"},"content":{"rendered":"<div data-elementor-type=\"wp-page\" data-elementor-id=\"488\" class=\"elementor elementor-488\">\n\t\t\t\t\t\t\t\t\t<section class=\"elementor-section elementor-top-section elementor-element elementor-element-bfcf9ec elementor-section-full_width elementor-section-height-default elementor-section-height-default\" data-id=\"bfcf9ec\" data-element_type=\"section\">\n\t\t\t\t\t\t<div class=\"elementor-container elementor-column-gap-default\">\n\t\t\t\t\t<div class=\"elementor-column elementor-col-100 elementor-top-column elementor-element elementor-element-c28c12f\" data-id=\"c28c12f\" data-element_type=\"column\">\n\t\t\t<div class=\"elementor-widget-wrap elementor-element-populated\">\n\t\t\t\t\t\t\t\t<div class=\"elementor-element elementor-element-98cfa19 animated-slow elementor--h-position-center elementor--v-position-middle elementor-pagination-position-inside elementor-invisible elementor-widget elementor-widget-slides\" data-id=\"98cfa19\" data-element_type=\"widget\" data-settings=\"{&quot;navigation&quot;:&quot;dots&quot;,&quot;transition&quot;:&quot;fade&quot;,&quot;motion_fx_motion_fx_scrolling&quot;:&quot;yes&quot;,&quot;motion_fx_opacity_effect&quot;:&quot;yes&quot;,&quot;motion_fx_opacity_direction&quot;:&quot;in-out&quot;,&quot;motion_fx_opacity_level&quot;:{&quot;unit&quot;:&quot;px&quot;,&quot;size&quot;:6.8,&quot;sizes&quot;:[]},&quot;motion_fx_opacity_range&quot;:{&quot;unit&quot;:&quot;%&quot;,&quot;size&quot;:&quot;&quot;,&quot;sizes&quot;:{&quot;start&quot;:61,&quot;end&quot;:100}},&quot;transition_speed&quot;:2000,&quot;_animation&quot;:&quot;fadeIn&quot;,&quot;autoplay&quot;:&quot;yes&quot;,&quot;pause_on_hover&quot;:&quot;yes&quot;,&quot;autoplay_speed&quot;:5000,&quot;infinite&quot;:&quot;yes&quot;,&quot;motion_fx_devices&quot;:[&quot;desktop&quot;,&quot;tablet&quot;,&quot;mobile&quot;]}\" data-widget_type=\"slides.default\">\n\t\t\t\t<div class=\"elementor-widget-container\">\n\t\t\t\t\t<div class=\"elementor-swiper\">\n\t\t\t<div class=\"elementor-slides-wrapper elementor-main-swiper swiper-container\" dir=\"ltr\" data-animation=\"\">\n\t\t\t\t<div class=\"swiper-wrapper elementor-slides\">\n\t\t\t\t\t\t\t\t\t\t<div class=\"elementor-repeater-item-43edbc5 swiper-slide\"><div class=\"swiper-slide-bg elementor-ken-burns elementor-ken-burns--in\" role=\"img\"><\/div><div class=\"swiper-slide-inner\" ><div class=\"swiper-slide-contents\"><div class=\"elementor-slide-heading\">IMPRINT <\/div><\/div><\/div><\/div>\t\t\t\t<\/div>\n\t\t\t\t\t\t\t<\/div>\n\t\t<\/div>\n\t\t\t\t<\/div>\n\t\t\t\t<\/div>\n\t\t\t\t\t<\/div>\n\t\t<\/div>\n\t\t\t\t\t\t\t<\/div>\n\t\t<\/section>\n\t\t\t\t<section class=\"elementor-section elementor-top-section elementor-element elementor-element-2e4afc0 elementor-section-boxed elementor-section-height-default elementor-section-height-default\" data-id=\"2e4afc0\" data-element_type=\"section\">\n\t\t\t\t\t\t<div class=\"elementor-container elementor-column-gap-no\">\n\t\t\t\t\t<div class=\"elementor-column elementor-col-50 elementor-top-column elementor-element elementor-element-545f442\" data-id=\"545f442\" data-element_type=\"column\">\n\t\t\t<div class=\"elementor-widget-wrap elementor-element-populated\">\n\t\t\t\t\t\t\t\t<div class=\"elementor-element elementor-element-27b3658 elementor-widget elementor-widget-heading\" data-id=\"27b3658\" data-element_type=\"widget\" data-widget_type=\"heading.default\">\n\t\t\t\t<div class=\"elementor-widget-container\">\n\t\t\t<h1 class=\"elementor-heading-title elementor-size-default\">IMPRINT<\/h1>\t\t<\/div>\n\t\t\t\t<\/div>\n\t\t\t\t\t<\/div>\n\t\t<\/div>\n\t\t\t\t<div class=\"elementor-column elementor-col-50 elementor-top-column elementor-element elementor-element-e9cf578\" data-id=\"e9cf578\" data-element_type=\"column\">\n\t\t\t<div class=\"elementor-widget-wrap elementor-element-populated\">\n\t\t\t\t\t\t\t\t<div class=\"elementor-element elementor-element-8516af7 elementor-widget elementor-widget-text-editor\" data-id=\"8516af7\" data-element_type=\"widget\" data-widget_type=\"text-editor.default\">\n\t\t\t\t<div class=\"elementor-widget-container\">\n\t\t\t\t\t\t\t<p><strong>Sefiro QS KG\u2028<\/strong><br \/><strong>S\u00fcderweg 2<\/strong><br \/><strong>25887 Winnert<br \/>GERMANY<br \/><\/strong><\/p><p>e-mail: <a href=\"mailto:kontakt@sefiro.de\">kontakt@sefiro.de<\/a><br \/>phone: +49 4845 \/ 79 169 0<br \/>fax: +49 4845 \/ 79 169 22<\/p><p>CEO: Heike Rombach<br \/>registered office:\u2028 Amtsgericht Flensburg HRA 7517 FL<br \/>VAT no. DE281425921<br \/>tax ID. 17 282 2015 9<\/p><h2><br>Disclaimer<\/h2><h3>Limitation of liability for internal content<\/h3><p>Pursuant to section 7, para. 1 of the TMG (Telemediengesetz \u2013 Tele Media Act by German law), we as service providers are liable for our own content on these pages in accordance with general laws. However, pursuant to sections 8 to 10 of the TMG, we as service providers are not under obligation to monitor external information provided or stored on our website.<br \/>Once we have become aware of a specific infringement of the law, we will immediately remove the content in question. Any liability concerning this matter can only be assumed from the point in time at which the infringement becomes known to us.<\/p><h3>Limitation of liability for external links<\/h3><p>Our website contains links to the websites of third parties (\u201cexternal links\u201d). As the content of these websites is not under our control, we cannot assume any liability for such external content. In all cases, the provider of information of the linked websites is liable for the content and accuracy of the information provided. At the point in time when the links were placed, no infringements of the law were recognisable to us. As soon as an infringement of the law becomes known to us, we will immediately remove the link in question.<\/p><h3>Copyright<\/h3><p>The content and works published on this website are governed by the copyright laws of Germany. Any duplication, processing, distribution or any form of utilisation beyond the scope of copyright law shall require the prior written consent of the author or authors in question. Downloading or copying this website is only permitted for private, not for commercial use. Where internal content has not been created by the service provider, the copyrights of third parties have been respected. Specifically, content of third parties has been indicated as such. Should you nevertheless become aware of a copyright infringement, we ask for corresponding advice. As soon as an infringement of the law becomes known to us, we will immediately remove the content in question.<\/p><h3>privacy statement<\/h3><p>The use of our website generally does not require the user to state personal data. If personal data are collected, this only occurs \u2013 to the extent possible \u2013 with the prior consent of the user of the website. Any forwarding of the data to third parties without the express consent of the user shall not take place. We would like to expressly point out that the transmission of data via the Internet (e.g., by e-mail) can offer security vulnerabilities. It is therefore impossible to safeguard the data completely against access by third parties.<\/p><p>The use by third parties of all published contact details for the purpose of advertising is expressly excluded. We reserve the right to take legal steps in the case of the unsolicited sending of advertising information, e.g., by means of spam mail.<\/p>\t\t\t\t\t\t<\/div>\n\t\t\t\t<\/div>\n\t\t\t\t\t<\/div>\n\t\t<\/div>\n\t\t\t\t\t\t\t<\/div>\n\t\t<\/section>\n\t\t\t\t<section class=\"elementor-section elementor-top-section elementor-element elementor-element-e06dadd elementor-section-boxed elementor-section-height-default elementor-section-height-default\" data-id=\"e06dadd\" data-element_type=\"section\">\n\t\t\t\t\t\t<div class=\"elementor-container elementor-column-gap-no\">\n\t\t\t\t\t<div class=\"elementor-column elementor-col-50 elementor-top-column elementor-element elementor-element-9240083\" data-id=\"9240083\" data-element_type=\"column\">\n\t\t\t<div class=\"elementor-widget-wrap elementor-element-populated\">\n\t\t\t\t\t\t\t\t<div class=\"elementor-element elementor-element-a4b6b27 elementor-widget elementor-widget-heading\" data-id=\"a4b6b27\" data-element_type=\"widget\" data-widget_type=\"heading.default\">\n\t\t\t\t<div class=\"elementor-widget-container\">\n\t\t\t<h2 class=\"elementor-heading-title elementor-size-default\">PHOTO RIGHTS &amp; COPYRIGHT<\/h2>\t\t<\/div>\n\t\t\t\t<\/div>\n\t\t\t\t\t<\/div>\n\t\t<\/div>\n\t\t\t\t<div class=\"elementor-column elementor-col-50 elementor-top-column elementor-element elementor-element-afac81f\" data-id=\"afac81f\" data-element_type=\"column\">\n\t\t\t<div class=\"elementor-widget-wrap elementor-element-populated\">\n\t\t\t\t\t\t\t\t<div class=\"elementor-element elementor-element-4e44fb9 elementor-widget elementor-widget-text-editor\" data-id=\"4e44fb9\" data-element_type=\"widget\" data-widget_type=\"text-editor.default\">\n\t\t\t\t<div class=\"elementor-widget-container\">\n\t\t\t\t\t\t\t<h3><strong>PHOTOS, STOCK IMAGES, VIDEOS<\/strong><\/h3><p><strong><br \/>Pixabay.de<\/strong><br \/>Background image header: Lumina Obscura<br \/>Microscope frontal: ckstockphoto<br \/>404er video: wordpress \/ Astra<br \/>100% Quality: geralt<br \/>Test glasses varied: PublicDomainPictures\u00a0<br \/>Drawing process: pixabay<br \/>cosmetics: lubovlisitsa\u00a0<br \/>News-Kategorie: &#8220;Analytik &amp; Technik&#8221;: kkolosov <br \/>News-Kategorie &#8220;Gesetze, Richtlinien (NON FOOD)&#8221;: Ramdlon<br \/>News-Kategorie &#8220;Empfehlungen &amp; Verbraucherschutz&#8221;: davegerber<br \/>News-Kategorie: &#8220;Gesetze, Richtlinien (FOOD): igorovsyannykov<br \/>News-Kategorie: &#8220;Berichte &amp; Daten&#8221;: user\/6689062-6689062<br \/>News-Kategorie: Meldeportale &amp; Datenbanken&#8221; (Laptop): Free-Photos <br \/>News-Kategorie: &#8220;Nachhaltigkeit &amp; Konsumg\u00fcter&#8221;: jplenio<\/p><p><strong>Adobe Stock Images<\/strong><br \/>News-Kategorie: &#8220;NGOs &amp; Testinstitute&#8221;: 441720290<\/p>\t\t\t\t\t\t<\/div>\n\t\t\t\t<\/div>\n\t\t\t\t\t<\/div>\n\t\t<\/div>\n\t\t\t\t\t\t\t<\/div>\n\t\t<\/section>\n\t\t\t\t<section class=\"elementor-section elementor-top-section elementor-element elementor-element-a26e62c elementor-section-boxed elementor-section-height-default elementor-section-height-default\" data-id=\"a26e62c\" data-element_type=\"section\">\n\t\t\t\t\t\t<div class=\"elementor-container elementor-column-gap-no\">\n\t\t\t\t\t<div class=\"elementor-column elementor-col-50 elementor-top-column elementor-element elementor-element-3ce71fb\" data-id=\"3ce71fb\" data-element_type=\"column\">\n\t\t\t<div class=\"elementor-widget-wrap elementor-element-populated\">\n\t\t\t\t\t\t\t\t<div class=\"elementor-element elementor-element-3ce42db elementor-widget elementor-widget-heading\" data-id=\"3ce42db\" data-element_type=\"widget\" data-widget_type=\"heading.default\">\n\t\t\t\t<div class=\"elementor-widget-container\">\n\t\t\t<h2 class=\"elementor-heading-title elementor-size-default\">SUPPORT<\/h2>\t\t<\/div>\n\t\t\t\t<\/div>\n\t\t\t\t\t<\/div>\n\t\t<\/div>\n\t\t\t\t<div class=\"elementor-column elementor-col-50 elementor-top-column elementor-element elementor-element-1aebcd3\" data-id=\"1aebcd3\" data-element_type=\"column\">\n\t\t\t<div class=\"elementor-widget-wrap elementor-element-populated\">\n\t\t\t\t\t\t\t\t<div class=\"elementor-element elementor-element-bcc48ae elementor-widget elementor-widget-text-editor\" data-id=\"bcc48ae\" data-element_type=\"widget\" data-widget_type=\"text-editor.default\">\n\t\t\t\t<div class=\"elementor-widget-container\">\n\t\t\t\t\t\t\t<h3><b>Die Fleno GmbH ist ihre Agentur f\u00fcr Softwareentwicklung<\/b><\/h3>\n<p>Fleno GmbH<br>Marie-Curie-Ring 31<br>24941 Flensburg<br><a href=\"https:\/\/fleno-gmbh.de\/\" target=\"_blank\" rel=\"noopener\">https:\/\/fleno-gmbh.de\/<\/a><\/p>\n<h3><strong>CONCEPT, DESIGN &amp; LOGO DEVELOPMENT<br>TEXT, EDITORIAL WORK &amp; CM SERVICE<br><\/strong><\/h3>\n<p>GR\u00d8N MEDIA <br>Die <a href=\"https:\/\/ecoagentur.de\/\" target=\"_blank\" rel=\"noopener\">ECOAGENTUR.DE<\/a><\/p>\t\t\t\t\t\t<\/div>\n\t\t\t\t<\/div>\n\t\t\t\t\t<\/div>\n\t\t<\/div>\n\t\t\t\t\t\t\t<\/div>\n\t\t<\/section>\n\t\t\t\t\t\t\t<\/div>","protected":false},"excerpt":{"rendered":"<p>IMPRESSUM IMPRESSUM Sefiro QS KG\u2028S\u00fcderweg 225887 WinnertGERMANY E-Mail: kontakt@sefiro.de\u2028Telefon: +49 4845 \/ 79 169 0\u2028Telefax: +49 4845 \/ 79 169 22 Gesch\u00e4ftsleitung:\u2028 Heike RombachSitz der Gesellschaft:\u2028 Amtsgericht Flensburg HRA 7517 FL\u2028USt-Id.-Nr. DE281425921St.-Nr. 17 282 2015 9 Haftungsausschluss (Disclaimer) Haftung f\u00fcr Inhalte Als Diensteanbieter sind wir gem\u00e4\u00df \u00a7 7 Abs.1 TMG f\u00fcr eigene Inhalte auf diesen &hellip;<\/p>\n<p class=\"read-more\"> <a class=\"\" href=\"https:\/\/sefiro.de\/en\/impressum\/\"> <span class=\"screen-reader-text\">IMPRINT<\/span> Read More &raquo;<\/a><\/p>","protected":false},"author":3,"featured_media":0,"parent":0,"menu_order":8,"comment_status":"closed","ping_status":"closed","template":"","meta":{"footnotes":""},"class_list":["post-488","page","type-page","status-publish","hentry"],"yoast_head":"<!-- This site is optimized with the Yoast SEO plugin v20.7 - https:\/\/yoast.com\/wordpress\/plugins\/seo\/ -->\n<title>IMPRESSUM &ndash; SEFIRO GROUP<\/title>\n<meta name=\"description\" content=\"Sefiro QS KG\u2028 - Gesch\u00e4ftsleitung:\u2028 Heike Rombach - S\u00fcderweg 2 -25887 Winnert\" \/>\n<meta name=\"robots\" content=\"index, follow, max-snippet:-1, max-image-preview:large, max-video-preview:-1\" \/>\n<link rel=\"canonical\" href=\"https:\/\/sefiro.de\/en\/impressum\/\" \/>\n<meta property=\"og:locale\" content=\"en_GB\" \/>\n<meta property=\"og:type\" content=\"article\" \/>\n<meta property=\"og:title\" content=\"IMPRESSUM &ndash; SEFIRO GROUP\" \/>\n<meta property=\"og:description\" content=\"Sefiro QS KG\u2028 - Gesch\u00e4ftsleitung:\u2028 Heike Rombach - S\u00fcderweg 2 -25887 Winnert\" \/>\n<meta property=\"og:url\" content=\"https:\/\/sefiro.de\/en\/impressum\/\" \/>\n<meta property=\"og:site_name\" content=\"SEFIRO GROUP\" \/>\n<meta property=\"article:modified_time\" content=\"2026-01-04T21:03:04+00:00\" \/>\n<meta name=\"twitter:card\" content=\"summary_large_image\" \/>\n<meta name=\"twitter:label1\" content=\"Estimated reading time\" \/>\n\t<meta name=\"twitter:data1\" content=\"4 minutes\" \/>\n<script type=\"application\/ld+json\" class=\"yoast-schema-graph\">{\"@context\":\"https:\/\/schema.org\",\"@graph\":[{\"@type\":\"WebPage\",\"@id\":\"https:\/\/sefiro.de\/impressum\/\",\"url\":\"https:\/\/sefiro.de\/impressum\/\",\"name\":\"IMPRESSUM &ndash; SEFIRO GROUP\",\"isPartOf\":{\"@id\":\"https:\/\/sefiro.de\/#website\"},\"datePublished\":\"2021-04-28T14:34:43+00:00\",\"dateModified\":\"2026-01-04T21:03:04+00:00\",\"description\":\"Sefiro QS KG\\u2028 - Gesch\u00e4ftsleitung:\\u2028 Heike Rombach - S\u00fcderweg 2 -25887 Winnert\",\"breadcrumb\":{\"@id\":\"https:\/\/sefiro.de\/impressum\/#breadcrumb\"},\"inLanguage\":\"en-GB\",\"potentialAction\":[{\"@type\":\"ReadAction\",\"target\":[\"https:\/\/sefiro.de\/impressum\/\"]}]},{\"@type\":\"BreadcrumbList\",\"@id\":\"https:\/\/sefiro.de\/impressum\/#breadcrumb\",\"itemListElement\":[{\"@type\":\"ListItem\",\"position\":1,\"name\":\"Home\",\"item\":\"https:\/\/sefiro.de\/\"},{\"@type\":\"ListItem\",\"position\":2,\"name\":\"IMPRESSUM\"}]},{\"@type\":\"WebSite\",\"@id\":\"https:\/\/sefiro.de\/#website\",\"url\":\"https:\/\/sefiro.de\/\",\"name\":\"SEFIRO GROUP\",\"description\":\"Qualit\u00e4t und Sicherheit\",\"publisher\":{\"@id\":\"https:\/\/sefiro.de\/#organization\"},\"potentialAction\":[{\"@type\":\"SearchAction\",\"target\":{\"@type\":\"EntryPoint\",\"urlTemplate\":\"https:\/\/sefiro.de\/?s={search_term_string}\"},\"query-input\":\"required name=search_term_string\"}],\"inLanguage\":\"en-GB\"},{\"@type\":\"Organization\",\"@id\":\"https:\/\/sefiro.de\/#organization\",\"name\":\"SEFIRO GROUP\",\"url\":\"https:\/\/sefiro.de\/\",\"logo\":{\"@type\":\"ImageObject\",\"inLanguage\":\"en-GB\",\"@id\":\"https:\/\/sefiro.de\/#\/schema\/logo\/image\/\",\"url\":\"https:\/\/sefiro.de\/wp-content\/uploads\/2021\/04\/SEFIRO_Logo_Group_4C_Final_21-12_WEB.jpg\",\"contentUrl\":\"https:\/\/sefiro.de\/wp-content\/uploads\/2021\/04\/SEFIRO_Logo_Group_4C_Final_21-12_WEB.jpg\",\"width\":1012,\"height\":454,\"caption\":\"SEFIRO GROUP\"},\"image\":{\"@id\":\"https:\/\/sefiro.de\/#\/schema\/logo\/image\/\"}}]}<\/script>\n<!-- \/ Yoast SEO plugin. -->","yoast_head_json":{"title":"IMPRESSUM &ndash; SEFIRO GROUP","description":"Sefiro QS KG\u2028 - Gesch\u00e4ftsleitung:\u2028 Heike Rombach - S\u00fcderweg 2 -25887 Winnert","robots":{"index":"index","follow":"follow","max-snippet":"max-snippet:-1","max-image-preview":"max-image-preview:large","max-video-preview":"max-video-preview:-1"},"canonical":"https:\/\/sefiro.de\/en\/impressum\/","og_locale":"en_GB","og_type":"article","og_title":"IMPRESSUM &ndash; SEFIRO GROUP","og_description":"Sefiro QS KG\u2028 - Gesch\u00e4ftsleitung:\u2028 Heike Rombach - S\u00fcderweg 2 -25887 Winnert","og_url":"https:\/\/sefiro.de\/en\/impressum\/","og_site_name":"SEFIRO GROUP","article_modified_time":"2026-01-04T21:03:04+00:00","twitter_card":"summary_large_image","twitter_misc":{"Estimated reading time":"4 minutes"},"schema":{"@context":"https:\/\/schema.org","@graph":[{"@type":"WebPage","@id":"https:\/\/sefiro.de\/impressum\/","url":"https:\/\/sefiro.de\/impressum\/","name":"IMPRESSUM &ndash; SEFIRO GROUP","isPartOf":{"@id":"https:\/\/sefiro.de\/#website"},"datePublished":"2021-04-28T14:34:43+00:00","dateModified":"2026-01-04T21:03:04+00:00","description":"Sefiro QS KG\u2028 - Gesch\u00e4ftsleitung:\u2028 Heike Rombach - S\u00fcderweg 2 -25887 Winnert","breadcrumb":{"@id":"https:\/\/sefiro.de\/impressum\/#breadcrumb"},"inLanguage":"en-GB","potentialAction":[{"@type":"ReadAction","target":["https:\/\/sefiro.de\/impressum\/"]}]},{"@type":"BreadcrumbList","@id":"https:\/\/sefiro.de\/impressum\/#breadcrumb","itemListElement":[{"@type":"ListItem","position":1,"name":"Home","item":"https:\/\/sefiro.de\/"},{"@type":"ListItem","position":2,"name":"IMPRESSUM"}]},{"@type":"WebSite","@id":"https:\/\/sefiro.de\/#website","url":"https:\/\/sefiro.de\/","name":"SEFIRO GROUP","description":"Qualit\u00e4t und Sicherheit","publisher":{"@id":"https:\/\/sefiro.de\/#organization"},"potentialAction":[{"@type":"SearchAction","target":{"@type":"EntryPoint","urlTemplate":"https:\/\/sefiro.de\/?s={search_term_string}"},"query-input":"required name=search_term_string"}],"inLanguage":"en-GB"},{"@type":"Organization","@id":"https:\/\/sefiro.de\/#organization","name":"SEFIRO GROUP","url":"https:\/\/sefiro.de\/","logo":{"@type":"ImageObject","inLanguage":"en-GB","@id":"https:\/\/sefiro.de\/#\/schema\/logo\/image\/","url":"https:\/\/sefiro.de\/wp-content\/uploads\/2021\/04\/SEFIRO_Logo_Group_4C_Final_21-12_WEB.jpg","contentUrl":"https:\/\/sefiro.de\/wp-content\/uploads\/2021\/04\/SEFIRO_Logo_Group_4C_Final_21-12_WEB.jpg","width":1012,"height":454,"caption":"SEFIRO GROUP"},"image":{"@id":"https:\/\/sefiro.de\/#\/schema\/logo\/image\/"}}]}},"_links":{"self":[{"href":"https:\/\/sefiro.de\/en\/wp-json\/wp\/v2\/pages\/488","targetHints":{"allow":["GET"]}}],"collection":[{"href":"https:\/\/sefiro.de\/en\/wp-json\/wp\/v2\/pages"}],"about":[{"href":"https:\/\/sefiro.de\/en\/wp-json\/wp\/v2\/types\/page"}],"author":[{"embeddable":true,"href":"https:\/\/sefiro.de\/en\/wp-json\/wp\/v2\/users\/3"}],"replies":[{"embeddable":true,"href":"https:\/\/sefiro.de\/en\/wp-json\/wp\/v2\/comments?post=488"}],"version-history":[{"count":68,"href":"https:\/\/sefiro.de\/en\/wp-json\/wp\/v2\/pages\/488\/revisions"}],"predecessor-version":[{"id":18934,"href":"https:\/\/sefiro.de\/en\/wp-json\/wp\/v2\/pages\/488\/revisions\/18934"}],"wp:attachment":[{"href":"https:\/\/sefiro.de\/en\/wp-json\/wp\/v2\/media?parent=488"}],"curies":[{"name":"wp","href":"https:\/\/api.w.org\/{rel}","templated":true}]}}